{"id":9106,"date":"2025-06-05T21:39:17","date_gmt":"2025-06-05T19:39:17","guid":{"rendered":"https:\/\/lds-service.com\/?post_type=product&#038;p=9106"},"modified":"2025-06-09T21:35:14","modified_gmt":"2025-06-09T19:35:14","slug":"lower-meachanical-cables-fuer-crivit-wasser-rudergeraet-458878","status":"publish","type":"product","link":"https:\/\/lds-service.com\/sr\/product\/lower-meachanical-cables-fuer-crivit-wasser-rudergeraet-458878\/","title":{"rendered":"\u0434\u043e\u045a\u0438 \u043c\u0435\u0445\u0430\u043d\u0438\u0447\u043a\u0438 \u043a\u0430\u0431\u043b\u043e\u0432\u0438 \u0437\u0430 Crivit \u0432\u0435\u0441\u043b\u0430\u0447\u043a\u0443 \u043c\u0430\u0448\u0438\u043d\u0443 \u0437\u0430 \u0432\u043e\u0434\u0443 458878"},"content":{"rendered":"<p>Ruderger\u00e4t, Ersatzteile, Crivit, Fu\u00dfst\u00fctze, rowing machine, 292988, 304119, 327387<\/p>","protected":false},"excerpt":{"rendered":"<p>Lieferumfang: 1x Kabelset u. a. passend f\u00fcr Artikel IAN 458878<\/p>","protected":false},"featured_media":0,"template":"","meta":{"site-sidebar-layout":"default","site-content-layout":"","ast-site-content-layout":"default","site-content-style":"default","site-sidebar-style":"default","ast-global-header-display":"","ast-banner-title-visibility":"","ast-main-header-display":"","ast-hfb-above-header-display":"","ast-hfb-below-header-display":"","ast-hfb-mobile-header-display":"","site-post-title":"","ast-breadcrumbs-content":"","ast-featured-img":"","footer-sml-layout":"","theme-transparent-header-meta":"default","adv-header-id-meta":"","stick-header-meta":"default","header-above-stick-meta":"","header-main-stick-meta":"","header-below-stick-meta":"","astra-migrate-meta-layouts":"set","ast-page-background-enabled":"default","ast-page-background-meta":{"desktop":{"background-color":"","background-image":"","background-repeat":"repeat","background-position":"center center","background-size":"auto","background-attachment":"scroll","background-type":"","background-media":"","overlay-type":"","overlay-color":"","overlay-opacity":"","overlay-gradient":""},"tablet":{"background-color":"","background-image":"","background-repeat":"repeat","background-position":"center center","background-size":"auto","background-attachment":"scroll","background-type":"","background-media":"","overlay-type":"","overlay-color":"","overlay-opacity":"","overlay-gradient":""},"mobile":{"background-color":"","background-image":"","background-repeat":"repeat","background-position":"center center","background-size":"auto","background-attachment":"scroll","background-type":"","background-media":"","overlay-type":"","overlay-color":"","overlay-opacity":"","overlay-gradient":""}},"ast-content-background-meta":{"desktop":{"background-color":"var(--ast-global-color-5)","background-image":"","background-repeat":"repeat","background-position":"center center","background-size":"auto","background-attachment":"scroll","background-type":"","background-media":"","overlay-type":"","overlay-color":"","overlay-opacity":"","overlay-gradient":""},"tablet":{"background-color":"var(--ast-global-color-5)","background-image":"","background-repeat":"repeat","background-position":"center center","background-size":"auto","background-attachment":"scroll","background-type":"","background-media":"","overlay-type":"","overlay-color":"","overlay-opacity":"","overlay-gradient":""},"mobile":{"background-color":"var(--ast-global-color-5)","background-image":"","background-repeat":"repeat","background-position":"center center","background-size":"auto","background-attachment":"scroll","background-type":"","background-media":"","overlay-type":"","overlay-color":"","overlay-opacity":"","overlay-gradient":""}}},"product_brand":[],"product_cat":[732],"product_tag":[442,443,444,734,191,439,440,441,438],"class_list":{"0":"post-9106","1":"product","2":"type-product","3":"status-publish","5":"product_cat-wasser-rudergeraet","6":"product_tag-442","7":"product_tag-443","8":"product_tag-444","9":"product_tag-734","10":"product_tag-crivit","11":"product_tag-ersatzteile","12":"product_tag-fussstuetze","13":"product_tag-rowing-machine","14":"product_tag-rudergeraet","15":"desktop-align-left","16":"tablet-align-left","17":"mobile-align-left","18":"ast-product-gallery-layout-horizontal","20":"first","21":"instock","22":"taxable","23":"shipping-taxable","24":"purchasable","25":"product-type-simple"},"_links":{"self":[{"href":"https:\/\/lds-service.com\/sr\/wp-json\/wp\/v2\/product\/9106","targetHints":{"allow":["GET"]}}],"collection":[{"href":"https:\/\/lds-service.com\/sr\/wp-json\/wp\/v2\/product"}],"about":[{"href":"https:\/\/lds-service.com\/sr\/wp-json\/wp\/v2\/types\/product"}],"version-history":[{"count":1,"href":"https:\/\/lds-service.com\/sr\/wp-json\/wp\/v2\/product\/9106\/revisions"}],"predecessor-version":[{"id":9168,"href":"https:\/\/lds-service.com\/sr\/wp-json\/wp\/v2\/product\/9106\/revisions\/9168"}],"wp:attachment":[{"href":"https:\/\/lds-service.com\/sr\/wp-json\/wp\/v2\/media?parent=9106"}],"wp:term":[{"taxonomy":"product_brand","embeddable":true,"href":"https:\/\/lds-service.com\/sr\/wp-json\/wp\/v2\/product_brand?post=9106"},{"taxonomy":"product_cat","embeddable":true,"href":"https:\/\/lds-service.com\/sr\/wp-json\/wp\/v2\/product_cat?post=9106"},{"taxonomy":"product_tag","embeddable":true,"href":"https:\/\/lds-service.com\/sr\/wp-json\/wp\/v2\/product_tag?post=9106"}],"curies":[{"name":"wp","href":"https:\/\/api.w.org\/{rel}","templated":true}]}}