{"id":6079,"date":"2023-07-26T11:13:11","date_gmt":"2023-07-26T09:13:11","guid":{"rendered":"https:\/\/yesvcan.de\/?post_type=product&#038;p=6079"},"modified":"2026-04-28T20:51:10","modified_gmt":"2026-04-28T18:51:10","slug":"10-x-crivit-nw-asfaltsplattor","status":"publish","type":"product","link":"https:\/\/lds-service.com\/sv\/product\/10-x-crivit-nw-asphalt-pads\/","title":{"rendered":"Crivit Nordic Walking Sticks Pads - 10 st i ett set"},"content":{"rendered":"","protected":false},"excerpt":{"rendered":"<p>L\u00e4mplig f\u00f6r f\u00f6ljande IAN-nummer: 292986 307011 326845<\/p>\n<p>Profilerade, st\u00f6td\u00e4mpande asfaltkuddar f\u00f6r den senaste generationen av Crivit stavg\u00e5ngsstavar.<br \/>\nKuddarna \u00e4r gjorda av halkfri TPR-plast f\u00f6r att skydda metallspetsarna, och<br \/>\nha l\u00e4mplig utsk\u00e4rning f\u00f6r metallspetsen att passera genom.<\/p>\n<ul>\n<li>Profilerade asfaltsplattor f\u00f6r stavg\u00e5ngsstavar, m\u00e4rke Crivit<\/li>\n<li>M\u00e5tt: L 53, \u00f6ppning f\u00f6r pinnh\u00e5llare utv\u00e4ndigt 24 mm x insida 10 mm<\/li>\n<li>F\u00f6rst\u00e4rkt med en metallring p\u00e5 insidan<\/li>\n<li>Vikt 11 gram per dyna<\/li>\n<\/ul>\n<p>F\u00f6r mer information om FX Carbon stavg\u00e5ngsstavar, se <a data-link-type=\"external\" data-type=\"linkpicker\" href=\"http:\/\/www.lidl-service.com\/static\/333933634\/282089_CH_DE_FR_IT.pdf\">bruksanvisning<\/a> din modell.<\/p>","protected":false},"featured_media":6516,"template":"","meta":{"site-sidebar-layout":"default","site-content-layout":"default","ast-site-content-layout":"default","site-content-style":"default","site-sidebar-style":"default","ast-global-header-display":"","ast-banner-title-visibility":"","ast-main-header-display":"","ast-hfb-above-header-display":"","ast-hfb-below-header-display":"","ast-hfb-mobile-header-display":"","site-post-title":"","ast-breadcrumbs-content":"","ast-featured-img":"","footer-sml-layout":"","theme-transparent-header-meta":"default","adv-header-id-meta":"","stick-header-meta":"default","header-above-stick-meta":"","header-main-stick-meta":"","header-below-stick-meta":"","astra-migrate-meta-layouts":"default","ast-page-background-enabled":"default","ast-page-background-meta":{"desktop":{"background-color":"","background-image":"","background-repeat":"repeat","background-position":"center center","background-size":"auto","background-attachment":"scroll","background-type":"","background-media":"","overlay-type":"","overlay-color":"","overlay-opacity":"","overlay-gradient":""},"tablet":{"background-color":"","background-image":"","background-repeat":"repeat","background-position":"center center","background-size":"auto","background-attachment":"scroll","background-type":"","background-media":"","overlay-type":"","overlay-color":"","overlay-opacity":"","overlay-gradient":""},"mobile":{"background-color":"","background-image":"","background-repeat":"repeat","background-position":"center center","background-size":"auto","background-attachment":"scroll","background-type":"","background-media":"","overlay-type":"","overlay-color":"","overlay-opacity":"","overlay-gradient":""}},"ast-content-background-meta":{"desktop":{"background-color":"var(--ast-global-color-5)","background-image":"","background-repeat":"repeat","background-position":"center center","background-size":"auto","background-attachment":"scroll","background-type":"","background-media":"","overlay-type":"","overlay-color":"","overlay-opacity":"","overlay-gradient":""},"tablet":{"background-color":"var(--ast-global-color-5)","background-image":"","background-repeat":"repeat","background-position":"center center","background-size":"auto","background-attachment":"scroll","background-type":"","background-media":"","overlay-type":"","overlay-color":"","overlay-opacity":"","overlay-gradient":""},"mobile":{"background-color":"var(--ast-global-color-5)","background-image":"","background-repeat":"repeat","background-position":"center center","background-size":"auto","background-attachment":"scroll","background-type":"","background-media":"","overlay-type":"","overlay-color":"","overlay-opacity":"","overlay-gradient":""}}},"product_brand":[],"product_cat":[143],"product_tag":[433,432,482,484,483,447,191,481,190,480,448],"class_list":{"0":"post-6079","1":"product","2":"type-product","3":"status-publish","4":"has-post-thumbnail","6":"product_cat-trekking-und-nw-stoecke","7":"product_tag-433","8":"product_tag-432","9":"product_tag-482","10":"product_tag-484","11":"product_tag-483","12":"product_tag-asphalt-pads","13":"product_tag-crivit","14":"product_tag-fx-carbon-nordic-walking-stoecken","15":"product_tag-lidl","16":"product_tag-nordic-walking","17":"product_tag-pads","18":"desktop-align-left","19":"tablet-align-left","20":"mobile-align-left","21":"ast-product-gallery-layout-horizontal","22":"ast-product-gallery-with-no-image","24":"first","25":"instock","26":"taxable","27":"shipping-taxable","28":"purchasable","29":"product-type-simple"},"_links":{"self":[{"href":"https:\/\/lds-service.com\/sv\/wp-json\/wp\/v2\/product\/6079","targetHints":{"allow":["GET"]}}],"collection":[{"href":"https:\/\/lds-service.com\/sv\/wp-json\/wp\/v2\/product"}],"about":[{"href":"https:\/\/lds-service.com\/sv\/wp-json\/wp\/v2\/types\/product"}],"version-history":[{"count":0,"href":"https:\/\/lds-service.com\/sv\/wp-json\/wp\/v2\/product\/6079\/revisions"}],"wp:featuredmedia":[{"embeddable":true,"href":"https:\/\/lds-service.com\/sv\/wp-json\/wp\/v2\/media\/6516"}],"wp:attachment":[{"href":"https:\/\/lds-service.com\/sv\/wp-json\/wp\/v2\/media?parent=6079"}],"wp:term":[{"taxonomy":"product_brand","embeddable":true,"href":"https:\/\/lds-service.com\/sv\/wp-json\/wp\/v2\/product_brand?post=6079"},{"taxonomy":"product_cat","embeddable":true,"href":"https:\/\/lds-service.com\/sv\/wp-json\/wp\/v2\/product_cat?post=6079"},{"taxonomy":"product_tag","embeddable":true,"href":"https:\/\/lds-service.com\/sv\/wp-json\/wp\/v2\/product_tag?post=6079"}],"curies":[{"name":"wp","href":"https:\/\/api.w.org\/{rel}","templated":true}]}}