{"id":6131,"date":"2023-07-26T11:13:23","date_gmt":"2023-07-26T09:13:23","guid":{"rendered":"https:\/\/yesvcan.de\/?post_type=product&#038;p=6131"},"modified":"2025-06-02T12:38:10","modified_gmt":"2025-06-02T10:38:10","slug":"anslutningsstycke-inklusive-benhylsa-crivit-traedgardstrampolin-244-cm","status":"publish","type":"product","link":"https:\/\/lds-service.com\/sv\/product\/verbindungsstueck-inkl-beinmuffe-crivit-garten-trampolin-244-cm\/","title":{"rendered":"Anslutningsstycke inklusive benhylsa | Crivit tr\u00e4dg\u00e5rdstrampolin (244 cm)"},"content":{"rendered":"<p>356343, Crivit, Garten-Trampolin, Garten, Trampolin, Gartentrampolin, Verbindungsst\u00fcck, Beinmuffe<\/p>","protected":false},"excerpt":{"rendered":"<p>Leveransomfattning: 1 anslutningsstycke inklusive benhylsa (se 6)<\/p>\n<p>L\u00e4mplig f\u00f6r Crivit tr\u00e4dg\u00e5rdstrampolin med IAN 356343&nbsp;<\/p>\n<p>&nbsp;<\/p>\n<p>&nbsp;<\/p>","protected":false},"featured_media":0,"template":"","meta":{"site-sidebar-layout":"default","site-content-layout":"","ast-site-content-layout":"default","site-content-style":"default","site-sidebar-style":"default","ast-global-header-display":"","ast-banner-title-visibility":"","ast-main-header-display":"","ast-hfb-above-header-display":"","ast-hfb-below-header-display":"","ast-hfb-mobile-header-display":"","site-post-title":"","ast-breadcrumbs-content":"","ast-featured-img":"","footer-sml-layout":"","theme-transparent-header-meta":"","adv-header-id-meta":"","stick-header-meta":"","header-above-stick-meta":"","header-main-stick-meta":"","header-below-stick-meta":"","astra-migrate-meta-layouts":"default","ast-page-background-enabled":"default","ast-page-background-meta":{"desktop":{"background-color":"","background-image":"","background-repeat":"repeat","background-position":"center center","background-size":"auto","background-attachment":"scroll","background-type":"","background-media":"","overlay-type":"","overlay-color":"","overlay-opacity":"","overlay-gradient":""},"tablet":{"background-color":"","background-image":"","background-repeat":"repeat","background-position":"center center","background-size":"auto","background-attachment":"scroll","background-type":"","background-media":"","overlay-type":"","overlay-color":"","overlay-opacity":"","overlay-gradient":""},"mobile":{"background-color":"","background-image":"","background-repeat":"repeat","background-position":"center center","background-size":"auto","background-attachment":"scroll","background-type":"","background-media":"","overlay-type":"","overlay-color":"","overlay-opacity":"","overlay-gradient":""}},"ast-content-background-meta":{"desktop":{"background-color":"var(--ast-global-color-5)","background-image":"","background-repeat":"repeat","background-position":"center center","background-size":"auto","background-attachment":"scroll","background-type":"","background-media":"","overlay-type":"","overlay-color":"","overlay-opacity":"","overlay-gradient":""},"tablet":{"background-color":"var(--ast-global-color-5)","background-image":"","background-repeat":"repeat","background-position":"center center","background-size":"auto","background-attachment":"scroll","background-type":"","background-media":"","overlay-type":"","overlay-color":"","overlay-opacity":"","overlay-gradient":""},"mobile":{"background-color":"var(--ast-global-color-5)","background-image":"","background-repeat":"repeat","background-position":"center center","background-size":"auto","background-attachment":"scroll","background-type":"","background-media":"","overlay-type":"","overlay-color":"","overlay-opacity":"","overlay-gradient":""}}},"product_brand":[],"product_cat":[146],"product_tag":[558,475,191,525,524,466,467,533],"class_list":{"0":"post-6131","1":"product","2":"type-product","3":"status-publish","5":"product_cat-gartentrampolin","6":"product_tag-558","7":"product_tag-beinmuffe","8":"product_tag-crivit","9":"product_tag-garten","10":"product_tag-garten-trampolin","11":"product_tag-gartentrampolin","12":"product_tag-trampolin","13":"product_tag-verbindungsstueck","14":"desktop-align-left","15":"tablet-align-left","16":"mobile-align-left","17":"ast-product-gallery-layout-horizontal","18":"ast-product-gallery-with-no-image","20":"first","21":"instock","22":"taxable","23":"shipping-taxable","24":"purchasable","25":"product-type-simple"},"_links":{"self":[{"href":"https:\/\/lds-service.com\/sv\/wp-json\/wp\/v2\/product\/6131","targetHints":{"allow":["GET"]}}],"collection":[{"href":"https:\/\/lds-service.com\/sv\/wp-json\/wp\/v2\/product"}],"about":[{"href":"https:\/\/lds-service.com\/sv\/wp-json\/wp\/v2\/types\/product"}],"version-history":[{"count":0,"href":"https:\/\/lds-service.com\/sv\/wp-json\/wp\/v2\/product\/6131\/revisions"}],"wp:attachment":[{"href":"https:\/\/lds-service.com\/sv\/wp-json\/wp\/v2\/media?parent=6131"}],"wp:term":[{"taxonomy":"product_brand","embeddable":true,"href":"https:\/\/lds-service.com\/sv\/wp-json\/wp\/v2\/product_brand?post=6131"},{"taxonomy":"product_cat","embeddable":true,"href":"https:\/\/lds-service.com\/sv\/wp-json\/wp\/v2\/product_cat?post=6131"},{"taxonomy":"product_tag","embeddable":true,"href":"https:\/\/lds-service.com\/sv\/wp-json\/wp\/v2\/product_tag?post=6131"}],"curies":[{"name":"wp","href":"https:\/\/api.w.org\/{rel}","templated":true}]}}