{"id":6141,"date":"2023-07-26T11:13:26","date_gmt":"2023-07-26T09:13:26","guid":{"rendered":"https:\/\/yesvcan.de\/?post_type=product&#038;p=6141"},"modified":"2026-04-17T12:04:17","modified_gmt":"2026-04-17T10:04:17","slug":"saekerhetsnaet-med-dragkedja-crivit-traedgardstrampolin-244-cm-305","status":"publish","type":"product","link":"https:\/\/lds-service.com\/sv\/product\/sicherheitsnetz-mit-reissverschluss-crivit-garten-trampolin-244-cm-305\/","title":{"rendered":"S\u00e4kerhetsn\u00e4t med dragkedja | Crivit tr\u00e4dg\u00e5rdstrampolin (244 cm) -305"},"content":{"rendered":"<p>356343, Crivit, Garten-Trampolin, Garten, Trampolin, Gartentrampolin, Sicherheitsnetz, Netz<\/p>","protected":false},"excerpt":{"rendered":"<p>Leveransomfattning: 1 s\u00e4kerhetsn\u00e4t med dragkedja och s\u00e4kerhetsl\u00e5s (se 11 + 11a + 11b)<\/p>\n<p>L\u00e4mplig f\u00f6r Crivit tr\u00e4dg\u00e5rdstrampolin med IAN 356343&nbsp;<\/p>\n<p>&nbsp;<\/p>\n<p>&nbsp;<\/p>","protected":false},"featured_media":0,"template":"","meta":{"site-sidebar-layout":"default","site-content-layout":"","ast-site-content-layout":"default","site-content-style":"default","site-sidebar-style":"default","ast-global-header-display":"","ast-banner-title-visibility":"","ast-main-header-display":"","ast-hfb-above-header-display":"","ast-hfb-below-header-display":"","ast-hfb-mobile-header-display":"","site-post-title":"","ast-breadcrumbs-content":"","ast-featured-img":"","footer-sml-layout":"","theme-transparent-header-meta":"","adv-header-id-meta":"","stick-header-meta":"","header-above-stick-meta":"","header-main-stick-meta":"","header-below-stick-meta":"","astra-migrate-meta-layouts":"default","ast-page-background-enabled":"default","ast-page-background-meta":{"desktop":{"background-color":"","background-image":"","background-repeat":"repeat","background-position":"center center","background-size":"auto","background-attachment":"scroll","background-type":"","background-media":"","overlay-type":"","overlay-color":"","overlay-opacity":"","overlay-gradient":""},"tablet":{"background-color":"","background-image":"","background-repeat":"repeat","background-position":"center center","background-size":"auto","background-attachment":"scroll","background-type":"","background-media":"","overlay-type":"","overlay-color":"","overlay-opacity":"","overlay-gradient":""},"mobile":{"background-color":"","background-image":"","background-repeat":"repeat","background-position":"center center","background-size":"auto","background-attachment":"scroll","background-type":"","background-media":"","overlay-type":"","overlay-color":"","overlay-opacity":"","overlay-gradient":""}},"ast-content-background-meta":{"desktop":{"background-color":"var(--ast-global-color-5)","background-image":"","background-repeat":"repeat","background-position":"center center","background-size":"auto","background-attachment":"scroll","background-type":"","background-media":"","overlay-type":"","overlay-color":"","overlay-opacity":"","overlay-gradient":""},"tablet":{"background-color":"var(--ast-global-color-5)","background-image":"","background-repeat":"repeat","background-position":"center center","background-size":"auto","background-attachment":"scroll","background-type":"","background-media":"","overlay-type":"","overlay-color":"","overlay-opacity":"","overlay-gradient":""},"mobile":{"background-color":"var(--ast-global-color-5)","background-image":"","background-repeat":"repeat","background-position":"center center","background-size":"auto","background-attachment":"scroll","background-type":"","background-media":"","overlay-type":"","overlay-color":"","overlay-opacity":"","overlay-gradient":""}}},"product_brand":[],"product_cat":[146],"product_tag":[558,191,525,524,466,535,534,467],"class_list":{"0":"post-6141","1":"product","2":"type-product","3":"status-publish","5":"product_cat-gartentrampolin","6":"product_tag-558","7":"product_tag-crivit","8":"product_tag-garten","9":"product_tag-garten-trampolin","10":"product_tag-gartentrampolin","11":"product_tag-netz","12":"product_tag-sicherheitsnetz","13":"product_tag-trampolin","14":"desktop-align-left","15":"tablet-align-left","16":"mobile-align-left","17":"ast-product-gallery-layout-horizontal","18":"ast-product-gallery-with-no-image","20":"first","21":"instock","22":"taxable","23":"shipping-taxable","24":"purchasable","25":"product-type-simple"},"_links":{"self":[{"href":"https:\/\/lds-service.com\/sv\/wp-json\/wp\/v2\/product\/6141","targetHints":{"allow":["GET"]}}],"collection":[{"href":"https:\/\/lds-service.com\/sv\/wp-json\/wp\/v2\/product"}],"about":[{"href":"https:\/\/lds-service.com\/sv\/wp-json\/wp\/v2\/types\/product"}],"version-history":[{"count":0,"href":"https:\/\/lds-service.com\/sv\/wp-json\/wp\/v2\/product\/6141\/revisions"}],"wp:attachment":[{"href":"https:\/\/lds-service.com\/sv\/wp-json\/wp\/v2\/media?parent=6141"}],"wp:term":[{"taxonomy":"product_brand","embeddable":true,"href":"https:\/\/lds-service.com\/sv\/wp-json\/wp\/v2\/product_brand?post=6141"},{"taxonomy":"product_cat","embeddable":true,"href":"https:\/\/lds-service.com\/sv\/wp-json\/wp\/v2\/product_cat?post=6141"},{"taxonomy":"product_tag","embeddable":true,"href":"https:\/\/lds-service.com\/sv\/wp-json\/wp\/v2\/product_tag?post=6141"}],"curies":[{"name":"wp","href":"https:\/\/api.w.org\/{rel}","templated":true}]}}