{"id":5989,"date":"2023-07-26T11:12:39","date_gmt":"2023-07-26T09:12:39","guid":{"rendered":"https:\/\/yesvcan.de\/?post_type=product&#038;p=5989"},"modified":"2025-09-27T11:55:41","modified_gmt":"2025-09-27T09:55:41","slug":"bisiklet-montaj-kelepcesi-001","status":"publish","type":"product","link":"https:\/\/lds-service.com\/tr\/product\/fahrradhalterung-klemme-001\/","title":{"rendered":"Bisiklet montaj kelep\u00e7esi 001"},"content":{"rendered":"<p>368781, 389176, 326459, 292230, 277689, 379767, 307559, 103921, 270381, 497961, powerfix,crivit,lidl<\/p>","protected":false},"excerpt":{"rendered":"<p>Crivit ve Powerfix montaj standlar\u0131 i\u00e7in yedek par\u00e7a olarak \u00e7er\u00e7eve kelep\u00e7esi, kaymay\u0131 \u00f6nleyici profile sahip boya koruyucu h\u0131zl\u0131 serbest b\u0131rakma kelep\u00e7esi, 360\u00b0 d\u00f6nebilen bisiklet ba\u011flant\u0131s\u0131<\/p>\n<p>Teslimat kapsam\u0131: 1x montaj borusu dahil bisiklet montaj\u0131 (toplam uzunluk 35 cm) g\u00f6sterildi\u011fi gibi = ayr\u0131nt\u0131l\u0131 \u00e7izimin 1. k\u0131sm\u0131<\/p>\n<ul>\n<li><span style=\"font-size:10px;\"><font color=\"#000000\">Yakla\u015f\u0131k olarak t\u00fcm yayg\u0131n \u00e7er\u00e7eve \u00e7aplar\u0131 i\u00e7in kelep\u00e7e. 25 \u2013 55 mm<\/font><\/span><\/li>\n<li><span style=\"font-size:10px;\"><font face=\"Arial\">H\u0131zl\u0131 a\u00e7\u0131lan metal kol ile kolay s\u0131k\u0131\u015ft\u0131rma ve kapatma<\/font><\/span><\/li>\n<li><span style=\"font-size:10px;\"><font face=\"Arial\">Aletsiz uygulama i\u00e7in kanatl\u0131 vidayla geni\u015flik ayar\u0131<\/font><\/span><\/li>\n<li><span style=\"font-size:10px;\"><font face=\"Arial\">21 cm uzunlu\u011funda ve 34,8 mm \u00e7ap\u0131nda montaj borusu, toplam yap\u0131 35 cm<\/font><\/span><\/li>\n<li><span style=\"font-size:10px;\"><font face=\"Arial\">Yedek par\u00e7a olarak tek tek par\u00e7alar\u0131, yepyeni ve gev\u015fek paketlenmi\u015f olarak tedarik ediyoruz<\/font><\/span><\/li>\n<\/ul>","protected":false},"featured_media":0,"template":"","meta":{"site-sidebar-layout":"default","site-content-layout":"","ast-site-content-layout":"default","site-content-style":"default","site-sidebar-style":"default","ast-global-header-display":"","ast-banner-title-visibility":"","ast-main-header-display":"","ast-hfb-above-header-display":"","ast-hfb-below-header-display":"","ast-hfb-mobile-header-display":"","site-post-title":"","ast-breadcrumbs-content":"","ast-featured-img":"","footer-sml-layout":"","theme-transparent-header-meta":"","adv-header-id-meta":"","stick-header-meta":"","header-above-stick-meta":"","header-main-stick-meta":"","header-below-stick-meta":"","astra-migrate-meta-layouts":"default","ast-page-background-enabled":"default","ast-page-background-meta":{"desktop":{"background-color":"","background-image":"","background-repeat":"repeat","background-position":"center center","background-size":"auto","background-attachment":"scroll","background-type":"","background-media":"","overlay-type":"","overlay-color":"","overlay-opacity":"","overlay-gradient":""},"tablet":{"background-color":"","background-image":"","background-repeat":"repeat","background-position":"center center","background-size":"auto","background-attachment":"scroll","background-type":"","background-media":"","overlay-type":"","overlay-color":"","overlay-opacity":"","overlay-gradient":""},"mobile":{"background-color":"","background-image":"","background-repeat":"repeat","background-position":"center center","background-size":"auto","background-attachment":"scroll","background-type":"","background-media":"","overlay-type":"","overlay-color":"","overlay-opacity":"","overlay-gradient":""}},"ast-content-background-meta":{"desktop":{"background-color":"var(--ast-global-color-5)","background-image":"","background-repeat":"repeat","background-position":"center center","background-size":"auto","background-attachment":"scroll","background-type":"","background-media":"","overlay-type":"","overlay-color":"","overlay-opacity":"","overlay-gradient":""},"tablet":{"background-color":"var(--ast-global-color-5)","background-image":"","background-repeat":"repeat","background-position":"center center","background-size":"auto","background-attachment":"scroll","background-type":"","background-media":"","overlay-type":"","overlay-color":"","overlay-opacity":"","overlay-gradient":""},"mobile":{"background-color":"var(--ast-global-color-5)","background-image":"","background-repeat":"repeat","background-position":"center center","background-size":"auto","background-attachment":"scroll","background-type":"","background-media":"","overlay-type":"","overlay-color":"","overlay-opacity":"","overlay-gradient":""}}},"product_brand":[],"product_cat":[],"product_tag":[319,320,316,315,318,314,312,317,313,321,191,190,322],"class_list":{"0":"post-5989","1":"product","2":"type-product","3":"status-publish","5":"product_tag-319","6":"product_tag-320","7":"product_tag-316","8":"product_tag-315","9":"product_tag-318","10":"product_tag-314","11":"product_tag-312","12":"product_tag-317","13":"product_tag-313","14":"product_tag-321","15":"product_tag-crivit","16":"product_tag-lidl","17":"product_tag-powerfix","18":"desktop-align-left","19":"tablet-align-left","20":"mobile-align-left","21":"ast-product-gallery-layout-horizontal","22":"ast-product-gallery-with-no-image","24":"first","25":"instock","26":"taxable","27":"shipping-taxable","28":"purchasable","29":"product-type-simple"},"_links":{"self":[{"href":"https:\/\/lds-service.com\/tr\/wp-json\/wp\/v2\/product\/5989","targetHints":{"allow":["GET"]}}],"collection":[{"href":"https:\/\/lds-service.com\/tr\/wp-json\/wp\/v2\/product"}],"about":[{"href":"https:\/\/lds-service.com\/tr\/wp-json\/wp\/v2\/types\/product"}],"version-history":[{"count":0,"href":"https:\/\/lds-service.com\/tr\/wp-json\/wp\/v2\/product\/5989\/revisions"}],"wp:attachment":[{"href":"https:\/\/lds-service.com\/tr\/wp-json\/wp\/v2\/media?parent=5989"}],"wp:term":[{"taxonomy":"product_brand","embeddable":true,"href":"https:\/\/lds-service.com\/tr\/wp-json\/wp\/v2\/product_brand?post=5989"},{"taxonomy":"product_cat","embeddable":true,"href":"https:\/\/lds-service.com\/tr\/wp-json\/wp\/v2\/product_cat?post=5989"},{"taxonomy":"product_tag","embeddable":true,"href":"https:\/\/lds-service.com\/tr\/wp-json\/wp\/v2\/product_tag?post=5989"}],"curies":[{"name":"wp","href":"https:\/\/api.w.org\/{rel}","templated":true}]}}