{"id":6065,"date":"2023-07-26T11:13:08","date_gmt":"2023-07-26T09:13:08","guid":{"rendered":"https:\/\/yesvcan.de\/?post_type=product&#038;p=6065"},"modified":"2026-03-29T13:33:08","modified_gmt":"2026-03-29T11:33:08","slug":"rocktrail-10lu-trekking-mati-paketi","status":"publish","type":"product","link":"https:\/\/lds-service.com\/tr\/product\/rocktrail-10er-pack-trekking-pads\/","title":{"rendered":"ROCKTRAIL 10&#039;lu trekking pedi paketi"},"content":{"rendered":"","protected":false},"excerpt":{"rendered":"<p>Teslimat kapsam\u0131: Bir \u00e7oklu torbada gev\u015fek bir \u015fekilde paketlenmi\u015f 10 ped<\/p>\n<ul>\n<li>Trekking direkleri i\u00e7in profilli asfalt pedler, Rocktrail marka<\/li>\n<li>Boyutlar: U 38 mm, a\u00e7\u0131l\u0131r direk tutucusu d\u0131\u015ftan 17 mm x i\u00e7ten 11 mm<\/li>\n<\/ul>","protected":false},"featured_media":6520,"template":"","meta":{"site-sidebar-layout":"default","site-content-layout":"default","ast-site-content-layout":"default","site-content-style":"default","site-sidebar-style":"default","ast-global-header-display":"","ast-banner-title-visibility":"","ast-main-header-display":"","ast-hfb-above-header-display":"","ast-hfb-below-header-display":"","ast-hfb-mobile-header-display":"","site-post-title":"","ast-breadcrumbs-content":"","ast-featured-img":"","footer-sml-layout":"","theme-transparent-header-meta":"default","adv-header-id-meta":"","stick-header-meta":"default","header-above-stick-meta":"","header-main-stick-meta":"","header-below-stick-meta":"","astra-migrate-meta-layouts":"default","ast-page-background-enabled":"default","ast-page-background-meta":{"desktop":{"background-color":"","background-image":"","background-repeat":"repeat","background-position":"center center","background-size":"auto","background-attachment":"scroll","background-type":"","background-media":"","overlay-type":"","overlay-color":"","overlay-opacity":"","overlay-gradient":""},"tablet":{"background-color":"","background-image":"","background-repeat":"repeat","background-position":"center center","background-size":"auto","background-attachment":"scroll","background-type":"","background-media":"","overlay-type":"","overlay-color":"","overlay-opacity":"","overlay-gradient":""},"mobile":{"background-color":"","background-image":"","background-repeat":"repeat","background-position":"center center","background-size":"auto","background-attachment":"scroll","background-type":"","background-media":"","overlay-type":"","overlay-color":"","overlay-opacity":"","overlay-gradient":""}},"ast-content-background-meta":{"desktop":{"background-color":"var(--ast-global-color-5)","background-image":"","background-repeat":"repeat","background-position":"center center","background-size":"auto","background-attachment":"scroll","background-type":"","background-media":"","overlay-type":"","overlay-color":"","overlay-opacity":"","overlay-gradient":""},"tablet":{"background-color":"var(--ast-global-color-5)","background-image":"","background-repeat":"repeat","background-position":"center center","background-size":"auto","background-attachment":"scroll","background-type":"","background-media":"","overlay-type":"","overlay-color":"","overlay-opacity":"","overlay-gradient":""},"mobile":{"background-color":"var(--ast-global-color-5)","background-image":"","background-repeat":"repeat","background-position":"center center","background-size":"auto","background-attachment":"scroll","background-type":"","background-media":"","overlay-type":"","overlay-color":"","overlay-opacity":"","overlay-gradient":""}}},"product_brand":[1213],"product_cat":[143],"product_tag":[451,453,454,449,450,465,464,463,462,461,460,459,458,457,456,455,452,447,190,448,445,446],"class_list":{"0":"post-6065","1":"product","2":"type-product","3":"status-publish","4":"has-post-thumbnail","6":"product_brand-crivit","7":"product_cat-trekking-und-nw-stoecke","8":"product_tag-451","9":"product_tag-453","10":"product_tag-454","11":"product_tag-449","12":"product_tag-450","13":"product_tag-465","14":"product_tag-464","15":"product_tag-463","16":"product_tag-462","17":"product_tag-461","18":"product_tag-460","19":"product_tag-459","20":"product_tag-458","21":"product_tag-457","22":"product_tag-456","23":"product_tag-455","24":"product_tag-452","25":"product_tag-asphalt-pads","26":"product_tag-lidl","27":"product_tag-pads","28":"product_tag-rocktrail","29":"product_tag-trekking","30":"desktop-align-left","31":"tablet-align-left","32":"mobile-align-left","33":"ast-product-gallery-layout-horizontal","34":"ast-product-gallery-with-no-image","36":"first","37":"instock","38":"taxable","39":"shipping-taxable","40":"purchasable","41":"product-type-simple"},"_links":{"self":[{"href":"https:\/\/lds-service.com\/tr\/wp-json\/wp\/v2\/product\/6065","targetHints":{"allow":["GET"]}}],"collection":[{"href":"https:\/\/lds-service.com\/tr\/wp-json\/wp\/v2\/product"}],"about":[{"href":"https:\/\/lds-service.com\/tr\/wp-json\/wp\/v2\/types\/product"}],"version-history":[{"count":1,"href":"https:\/\/lds-service.com\/tr\/wp-json\/wp\/v2\/product\/6065\/revisions"}],"predecessor-version":[{"id":5211521,"href":"https:\/\/lds-service.com\/tr\/wp-json\/wp\/v2\/product\/6065\/revisions\/5211521"}],"wp:featuredmedia":[{"embeddable":true,"href":"https:\/\/lds-service.com\/tr\/wp-json\/wp\/v2\/media\/6520"}],"wp:attachment":[{"href":"https:\/\/lds-service.com\/tr\/wp-json\/wp\/v2\/media?parent=6065"}],"wp:term":[{"taxonomy":"product_brand","embeddable":true,"href":"https:\/\/lds-service.com\/tr\/wp-json\/wp\/v2\/product_brand?post=6065"},{"taxonomy":"product_cat","embeddable":true,"href":"https:\/\/lds-service.com\/tr\/wp-json\/wp\/v2\/product_cat?post=6065"},{"taxonomy":"product_tag","embeddable":true,"href":"https:\/\/lds-service.com\/tr\/wp-json\/wp\/v2\/product_tag?post=6065"}],"curies":[{"name":"wp","href":"https:\/\/api.w.org\/{rel}","templated":true}]}}