{"id":6105,"date":"2023-07-26T11:13:17","date_gmt":"2023-07-26T09:13:17","guid":{"rendered":"https:\/\/yesvcan.de\/?post_type=product&#038;p=6105"},"modified":"2026-04-07T17:29:40","modified_gmt":"2026-04-07T15:29:40","slug":"lastik-bant-halkali-cerceve-koruma-crivit-bahce-trambolini-330-cm-295","status":"publish","type":"product","link":"https:\/\/lds-service.com\/tr\/product\/rahmenschutz-mit-gummiband-schlaufe-crivit-garten-trampolin-330-cm-295\/","title":{"rendered":"Elastik bantl\u0131\/halkal\u0131 \u00e7er\u00e7eve koruyucusu | Crivit Bah\u00e7e Trampolin (330 cm) -295"},"content":{"rendered":"<p>360625, Crivit, Garten-Trampolin, Garten, Trampolin, Gartentrampolin, Rahmenschutz, Rahmenpolster<\/p>","protected":false},"excerpt":{"rendered":"<p>Teslimat kapsam\u0131: 1 adet elastik bantl\u0131 ve halkal\u0131 \u00e7er\u00e7eve koruyucusu (bkz. 7 + 7a + 7b)<\/p>\n<p>IAN 360625 ile Crivit bah\u00e7e trambolini i\u00e7in uygundur&nbsp;<\/p>","protected":false},"featured_media":0,"template":"","meta":{"site-sidebar-layout":"default","site-content-layout":"","ast-site-content-layout":"default","site-content-style":"default","site-sidebar-style":"default","ast-global-header-display":"","ast-banner-title-visibility":"","ast-main-header-display":"","ast-hfb-above-header-display":"","ast-hfb-below-header-display":"","ast-hfb-mobile-header-display":"","site-post-title":"","ast-breadcrumbs-content":"","ast-featured-img":"","footer-sml-layout":"","theme-transparent-header-meta":"","adv-header-id-meta":"","stick-header-meta":"","header-above-stick-meta":"","header-main-stick-meta":"","header-below-stick-meta":"","astra-migrate-meta-layouts":"default","ast-page-background-enabled":"default","ast-page-background-meta":{"desktop":{"background-color":"","background-image":"","background-repeat":"repeat","background-position":"center center","background-size":"auto","background-attachment":"scroll","background-type":"","background-media":"","overlay-type":"","overlay-color":"","overlay-opacity":"","overlay-gradient":""},"tablet":{"background-color":"","background-image":"","background-repeat":"repeat","background-position":"center center","background-size":"auto","background-attachment":"scroll","background-type":"","background-media":"","overlay-type":"","overlay-color":"","overlay-opacity":"","overlay-gradient":""},"mobile":{"background-color":"","background-image":"","background-repeat":"repeat","background-position":"center center","background-size":"auto","background-attachment":"scroll","background-type":"","background-media":"","overlay-type":"","overlay-color":"","overlay-opacity":"","overlay-gradient":""}},"ast-content-background-meta":{"desktop":{"background-color":"var(--ast-global-color-5)","background-image":"","background-repeat":"repeat","background-position":"center center","background-size":"auto","background-attachment":"scroll","background-type":"","background-media":"","overlay-type":"","overlay-color":"","overlay-opacity":"","overlay-gradient":""},"tablet":{"background-color":"var(--ast-global-color-5)","background-image":"","background-repeat":"repeat","background-position":"center center","background-size":"auto","background-attachment":"scroll","background-type":"","background-media":"","overlay-type":"","overlay-color":"","overlay-opacity":"","overlay-gradient":""},"mobile":{"background-color":"var(--ast-global-color-5)","background-image":"","background-repeat":"repeat","background-position":"center center","background-size":"auto","background-attachment":"scroll","background-type":"","background-media":"","overlay-type":"","overlay-color":"","overlay-opacity":"","overlay-gradient":""}}},"product_brand":[],"product_cat":[146],"product_tag":[523,191,525,524,466,531,530,467],"class_list":{"0":"post-6105","1":"product","2":"type-product","3":"status-publish","5":"product_cat-gartentrampolin","6":"product_tag-523","7":"product_tag-crivit","8":"product_tag-garten","9":"product_tag-garten-trampolin","10":"product_tag-gartentrampolin","11":"product_tag-rahmenpolster","12":"product_tag-rahmenschutz","13":"product_tag-trampolin","14":"desktop-align-left","15":"tablet-align-left","16":"mobile-align-left","17":"ast-product-gallery-layout-horizontal","18":"ast-product-gallery-with-no-image","20":"first","21":"instock","22":"taxable","23":"shipping-taxable","24":"purchasable","25":"product-type-simple"},"_links":{"self":[{"href":"https:\/\/lds-service.com\/tr\/wp-json\/wp\/v2\/product\/6105","targetHints":{"allow":["GET"]}}],"collection":[{"href":"https:\/\/lds-service.com\/tr\/wp-json\/wp\/v2\/product"}],"about":[{"href":"https:\/\/lds-service.com\/tr\/wp-json\/wp\/v2\/types\/product"}],"version-history":[{"count":0,"href":"https:\/\/lds-service.com\/tr\/wp-json\/wp\/v2\/product\/6105\/revisions"}],"wp:attachment":[{"href":"https:\/\/lds-service.com\/tr\/wp-json\/wp\/v2\/media?parent=6105"}],"wp:term":[{"taxonomy":"product_brand","embeddable":true,"href":"https:\/\/lds-service.com\/tr\/wp-json\/wp\/v2\/product_brand?post=6105"},{"taxonomy":"product_cat","embeddable":true,"href":"https:\/\/lds-service.com\/tr\/wp-json\/wp\/v2\/product_cat?post=6105"},{"taxonomy":"product_tag","embeddable":true,"href":"https:\/\/lds-service.com\/tr\/wp-json\/wp\/v2\/product_tag?post=6105"}],"curies":[{"name":"wp","href":"https:\/\/api.w.org\/{rel}","templated":true}]}}